{"id":40,"date":"2020-07-09T09:35:40","date_gmt":"2020-07-09T07:35:40","guid":{"rendered":"http:\/\/cesarches.fr\/cesarches\/?page_id=40"},"modified":"2020-10-12T11:27:35","modified_gmt":"2020-10-12T09:27:35","slug":"etat-civil","status":"publish","type":"page","link":"https:\/\/cesarches.fr\/cesarches\/etat-civil\/","title":{"rendered":"Etat-civil"},"content":{"rendered":"\n<h1 class=\"wp-block-heading\">Carte d&rsquo;identit\u00e9<\/h1>\n\n\n\n<p>Pour demander une carte nationale d&rsquo;identit\u00e9, les pi\u00e8ces justificatives n\u00e9cessaires d\u00e9pendent de la situation : majeur ou mineur, premi\u00e8re demande ou renouvellement, possession (ou non) d&rsquo;un passeport&#8230; Les d\u00e9lais de fabrication d\u00e9pendent du lieu et de la p\u00e9riode. La carte d&rsquo;identit\u00e9 d&rsquo;une personne majeure est valable 15 ans, celle d&rsquo;un enfant mineur est valable 10 ans.<\/p>\n\n\n\n<h2 class=\"wp-block-heading\" id=\"titreQuelleSituation\">QUELLE EST VOTRE SITUATION&nbsp;?<\/h2>\n\n\n\n<p id=\"sousTitreSituation\">En fonction de votre situation personnelle, les d\u00e9marches \u00e0 r\u00e9aliser peuvent varier<\/p>\n\n\n\n<p><\/p>\n\n\n\n<h2 class=\"wp-block-heading\">Pour un majeur<\/h2>\n\n\n\n<ul class=\"wp-block-list\" id=\"fichesSousDossier_1_1\"><li><a href=\"https:\/\/www.service-public.fr\/particuliers\/vosdroits\/F1341\">Premi\u00e8re demande<\/a><\/li><li><a href=\"https:\/\/www.service-public.fr\/particuliers\/vosdroits\/F21089\">Renouvellement<\/a><\/li><li><a href=\"https:\/\/www.service-public.fr\/particuliers\/vosdroits\/F1344\">Carte perdue<\/a><\/li><li><a href=\"https:\/\/www.service-public.fr\/particuliers\/vosdroits\/F1759\">Carte vol\u00e9e<\/a><\/li><\/ul>\n\n\n\n<h2 class=\"wp-block-heading\">Pour un mineur<\/h2>\n\n\n\n<ul class=\"wp-block-list\" id=\"fichesSousDossier_2_1\"><li><a href=\"https:\/\/www.service-public.fr\/particuliers\/vosdroits\/F1342\">Premi\u00e8re demande<\/a><\/li><li><a href=\"https:\/\/www.service-public.fr\/particuliers\/vosdroits\/F21090\">Renouvellement<\/a><\/li><li><a href=\"https:\/\/www.service-public.fr\/particuliers\/vosdroits\/F1153\">Carte perdue<\/a><\/li><li><a href=\"https:\/\/www.service-public.fr\/particuliers\/vosdroits\/F1794\">Carte vol\u00e9e<\/a><\/li><\/ul>\n\n\n\n<p><\/p>\n\n\n\n<h1 class=\"wp-block-heading\"><strong>Passeport<\/strong><\/h1>\n\n\n\n<p>Pour faire un passeport biom\u00e9trique, il faut le demander dans une mairie \u00e9quip\u00e9e avec les justificatifs n\u00e9cessaires. Les documents d\u00e9pendent de la situation : majeur ou mineur, premi\u00e8re demande ou renouvellement&#8230;. Dans tous les cas, il faut fournir une photo, un justificatif de domicile et un timbre fiscal. En France, il co\u00fbte&nbsp;86&nbsp;\u20ac&nbsp;pour un majeur. Vous pouvez pr\u00e9-remplir le dossier sur le site ants.gouv.fr. Le d\u00e9lai pour faire le passeport d\u00e9pend de la p\u00e9riode et du lieu.<\/p>\n\n\n\n<h2 class=\"wp-block-heading\" id=\"titreQuelleSituation\">QUELLE EST VOTRE SITUATION&nbsp;?<\/h2>\n\n\n\n<p id=\"sousTitreSituation\">En fonction de votre situation personnelle, les d\u00e9marches \u00e0 r\u00e9aliser peuvent varier<\/p>\n\n\n\n<p><\/p>\n\n\n\n<h2 class=\"wp-block-heading\">Pour un majeur<\/h2>\n\n\n\n<ul class=\"wp-block-list\" id=\"fichesSousDossier_1_1\"><li><a href=\"https:\/\/www.service-public.fr\/particuliers\/vosdroits\/F14929\">Premi\u00e8re demande<\/a><\/li><li><a href=\"https:\/\/www.service-public.fr\/particuliers\/vosdroits\/F21091\">Renouvellement<\/a><\/li><li><a href=\"https:\/\/www.service-public.fr\/particuliers\/vosdroits\/F21246\">Passeport perdu<\/a><\/li><li><a href=\"https:\/\/www.service-public.fr\/particuliers\/vosdroits\/F21247\">Passeport vol\u00e9<\/a><\/li><li><a href=\"https:\/\/www.service-public.fr\/particuliers\/vosdroits\/F1373\">Passeport en urgence<\/a><\/li><\/ul>\n\n\n\n<h2 class=\"wp-block-heading\">Pour un mineur<\/h2>\n\n\n\n<ul class=\"wp-block-list\" id=\"fichesSousDossier_2_1\"><li><a href=\"https:\/\/www.service-public.fr\/particuliers\/vosdroits\/F14930\">Premi\u00e8re demande<\/a><\/li><li><a href=\"https:\/\/www.service-public.fr\/particuliers\/vosdroits\/F21092\">Renouvellement<\/a><\/li><li><a href=\"https:\/\/www.service-public.fr\/particuliers\/vosdroits\/F21244\">Passeport perdu<\/a><\/li><li><a href=\"https:\/\/www.service-public.fr\/particuliers\/vosdroits\/F21245\">Passeport vol\u00e9<\/a><\/li><li><a href=\"https:\/\/www.service-public.fr\/particuliers\/vosdroits\/F1035\">Passeport en urgence<\/a><\/li><\/ul>\n","protected":false},"excerpt":{"rendered":"<p>Carte d&rsquo;identit\u00e9 Pour demander une carte nationale d&rsquo;identit\u00e9, les pi\u00e8ces justificatives n\u00e9cessaires d\u00e9pendent de la situation : majeur ou mineur, premi\u00e8re demande ou renouvellement, possession (ou non) d&rsquo;un passeport&#8230; Les d\u00e9lais de fabrication d\u00e9pendent du lieu et de la p\u00e9riode. La carte d&rsquo;identit\u00e9 d&rsquo;une personne majeure est valable 15 ans, celle d&rsquo;un enfant mineur est [&hellip;]<\/p>\n","protected":false},"author":1,"featured_media":0,"parent":0,"menu_order":0,"comment_status":"closed","ping_status":"closed","template":"","meta":{"footnotes":""},"class_list":["post-40","page","type-page","status-publish","hentry"],"_links":{"self":[{"href":"https:\/\/cesarches.fr\/cesarches\/wp-json\/wp\/v2\/pages\/40","targetHints":{"allow":["GET"]}}],"collection":[{"href":"https:\/\/cesarches.fr\/cesarches\/wp-json\/wp\/v2\/pages"}],"about":[{"href":"https:\/\/cesarches.fr\/cesarches\/wp-json\/wp\/v2\/types\/page"}],"author":[{"embeddable":true,"href":"https:\/\/cesarches.fr\/cesarches\/wp-json\/wp\/v2\/users\/1"}],"replies":[{"embeddable":true,"href":"https:\/\/cesarches.fr\/cesarches\/wp-json\/wp\/v2\/comments?post=40"}],"version-history":[{"count":4,"href":"https:\/\/cesarches.fr\/cesarches\/wp-json\/wp\/v2\/pages\/40\/revisions"}],"predecessor-version":[{"id":538,"href":"https:\/\/cesarches.fr\/cesarches\/wp-json\/wp\/v2\/pages\/40\/revisions\/538"}],"wp:attachment":[{"href":"https:\/\/cesarches.fr\/cesarches\/wp-json\/wp\/v2\/media?parent=40"}],"curies":[{"name":"wp","href":"https:\/\/api.w.org\/{rel}","templated":true}]}}