{"id":37,"date":"2020-07-09T09:35:39","date_gmt":"2020-07-09T07:35:39","guid":{"rendered":"http:\/\/cesarches.fr\/cesarches\/?page_id=37"},"modified":"2023-01-23T11:43:22","modified_gmt":"2023-01-23T10:43:22","slug":"salle-a-louer","status":"publish","type":"page","link":"https:\/\/cesarches.fr\/cesarches\/salle-a-louer\/","title":{"rendered":"Salle \u00e0 louer"},"content":{"rendered":"\n<h2 class=\"wp-block-heading\"><strong>La salle polyvalente :<\/strong><\/h2>\n\n\n\n<p>d&rsquo;une capacit\u00e9 de 50 personnes, 80 m\u00b2 de surface avec sanitaires<\/p>\n\n\n\n<figure class=\"wp-block-table is-style-stripes\"><table><tbody><tr><td>&nbsp;Prix<\/td><td>&nbsp;Week-end<\/td><td>&nbsp;Journ\u00e9e<\/td><\/tr><tr><td>C\u00e9sarchois&nbsp;<\/td><td>\u00a0Pas de location<\/td><td>80 \u20ac<\/td><\/tr><tr><td>Ext\u00e9rieurs&nbsp;<\/td><td> Pas de location<\/td><td>Pas de location<\/td><\/tr><tr><td><strong>CAUTION : 800 \u20ac<\/strong><\/td><\/tr><\/tbody><\/table><\/figure>\n\n\n\n<p><\/p>\n\n\n\n<p><\/p>\n\n\n\n<figure class=\"wp-block-image\"><img decoding=\"async\" src=\"http:\/\/cesarches.fr\/images\/sallepoly.jpg\" alt=\"\"\/><\/figure>\n\n\n\n<h2 class=\"wp-block-heading\"><strong>La salle des f\u00eates :<\/strong><\/h2>\n\n\n\n<p>d&rsquo;une capacit\u00e9 de 150 personnes, 150 m\u00b2 de surface et 50 m\u00b2 d&rsquo;annexes<\/p>\n\n\n\n<p>\u00e9quipements : bar, frigo \u00e0 bouteille, cuisine \u00e9quip\u00e9e, vestiaire, sanitaires, \u00e9cran de projection, chaises et tables&nbsp;<\/p>\n\n\n\n<figure class=\"wp-block-table is-style-stripes\"><table><tbody><tr><td>&nbsp;Prix<\/td><td>&nbsp;Week-end<\/td><td>&nbsp;Journ\u00e9e<\/td><\/tr><tr><td>C\u00e9sarchois&nbsp;<\/td><td>&nbsp;275 \u20ac<\/td><td>&nbsp;150 \u20ac<\/td><\/tr><tr><td>Ext\u00e9rieurs&nbsp;<\/td><td> 700 \u20ac<\/td><td>&nbsp;275 \u20ac<\/td><\/tr><tr><td><strong>CAUTION : 1 500 \u20ac<\/strong><\/td><\/tr><\/tbody><\/table><\/figure>\n\n\n\n<p><\/p>\n\n\n\n<p><\/p>\n\n\n\n<figure class=\"wp-block-image\"><img decoding=\"async\" src=\"http:\/\/cesarches.fr\/images\/sdfsalle2.jpg\" alt=\"\"\/><\/figure>\n\n\n\n<figure class=\"wp-block-image\"><img decoding=\"async\" src=\"http:\/\/cesarches.fr\/images\/copie%20de%20bar.jpg\" alt=\"\"\/><\/figure>\n\n\n\n<figure class=\"wp-block-image\"><img decoding=\"async\" src=\"http:\/\/cesarches.fr\/images\/sdfcuisine.jpg\" alt=\"\"\/><\/figure>\n\n\n\n<figure class=\"wp-block-image\"><img decoding=\"async\" src=\"http:\/\/cesarches.fr\/images\/sdfsalle.jpg\" alt=\"\"\/><\/figure>\n\n\n\n<p>Possibilit\u00e9 de louer les deux salles avec une cour commune de 200 m\u00b2&nbsp;sur le m\u00eame niveau.<\/p>\n\n\n\n<figure class=\"wp-block-table is-style-stripes\"><table><tbody><tr><td>&nbsp;Prix<\/td><td>&nbsp;Week-end<\/td><td>&nbsp;Journ\u00e9e<\/td><\/tr><tr><td>C\u00e9sarchois&nbsp;<\/td><td>&nbsp;350 \u20ac<\/td><td>Pas de location<\/td><\/tr><tr><td>Ext\u00e9rieurs&nbsp;<\/td><td> 850 \u20ac<\/td><td>Pas de location<\/td><\/tr><tr><td><strong>CAUTION : 1 500 \u20ac<\/strong><\/td><\/tr><\/tbody><\/table><\/figure>\n\n\n\n<p>R\u00e8glement complet en mairie.<\/p>\n","protected":false},"excerpt":{"rendered":"<p>La salle polyvalente : d&rsquo;une capacit\u00e9 de 50 personnes, 80 m\u00b2 de surface avec sanitaires &nbsp;Prix &nbsp;Week-end &nbsp;Journ\u00e9e C\u00e9sarchois&nbsp; \u00a0Pas de location 80 \u20ac Ext\u00e9rieurs&nbsp; Pas de location Pas de location CAUTION : 800 \u20ac La salle des f\u00eates : d&rsquo;une capacit\u00e9 de 150 personnes, 150 m\u00b2 de surface et 50 m\u00b2 d&rsquo;annexes \u00e9quipements : [&hellip;]<\/p>\n","protected":false},"author":1,"featured_media":0,"parent":0,"menu_order":0,"comment_status":"closed","ping_status":"closed","template":"","meta":{"footnotes":""},"class_list":["post-37","page","type-page","status-publish","hentry"],"_links":{"self":[{"href":"https:\/\/cesarches.fr\/cesarches\/wp-json\/wp\/v2\/pages\/37","targetHints":{"allow":["GET"]}}],"collection":[{"href":"https:\/\/cesarches.fr\/cesarches\/wp-json\/wp\/v2\/pages"}],"about":[{"href":"https:\/\/cesarches.fr\/cesarches\/wp-json\/wp\/v2\/types\/page"}],"author":[{"embeddable":true,"href":"https:\/\/cesarches.fr\/cesarches\/wp-json\/wp\/v2\/users\/1"}],"replies":[{"embeddable":true,"href":"https:\/\/cesarches.fr\/cesarches\/wp-json\/wp\/v2\/comments?post=37"}],"version-history":[{"count":7,"href":"https:\/\/cesarches.fr\/cesarches\/wp-json\/wp\/v2\/pages\/37\/revisions"}],"predecessor-version":[{"id":1229,"href":"https:\/\/cesarches.fr\/cesarches\/wp-json\/wp\/v2\/pages\/37\/revisions\/1229"}],"wp:attachment":[{"href":"https:\/\/cesarches.fr\/cesarches\/wp-json\/wp\/v2\/media?parent=37"}],"curies":[{"name":"wp","href":"https:\/\/api.w.org\/{rel}","templated":true}]}}