{"id":331,"date":"2020-07-09T17:25:40","date_gmt":"2020-07-09T15:25:40","guid":{"rendered":"http:\/\/cesarches.fr\/cesarches\/?page_id=331"},"modified":"2026-03-25T15:13:31","modified_gmt":"2026-03-25T14:13:31","slug":"histoire-et-cartographie","status":"publish","type":"page","link":"https:\/\/cesarches.fr\/cesarches\/histoire-et-cartographie\/","title":{"rendered":"Histoire et cartographie"},"content":{"rendered":"\n<ul class=\"wp-block-list\">\n<li><strong><em>Histoire :<\/em><\/strong><\/li>\n<\/ul>\n\n\n\n<p>Un peu d\u2019histoire \u2026<\/p>\n\n\n\n<p>On aurait pu penser que le nom de \u00ab&nbsp;C\u00e9sarches&nbsp;\u00bb ait un lien avec C\u00e9sar, l\u2019empereur romain de passage sur la commune pour aller combattre les irr\u00e9ductibles gaulois, mais il s\u2019agirait plut\u00f4t d\u2019un mot d\u2019origine latin \u00abcasarica&nbsp;\u00bb&nbsp; signifiant un groupe de chaumi\u00e8res (maisons).&nbsp;<\/p>\n\n\n\n<p>D\u2019ailleurs, le nom de la commune a chang\u00e9 plusieurs fois au fil du temps&nbsp;prenant la forme de Scesarches, Sesarch\u00fcs, S\u00e9zarchiarum, Cesarch\u00fcs, Sezarches, Cesarchix, Sexarches, Sezarches, C\u00e9zarches en Savoye, Cap d\u2019Arly (sous la R\u00e9volution).<\/p>\n\n\n\n<p>On retrouve une trace de C\u00e9sarches dans les documents anciens \u00e0 partir de l\u2019an 1170. A cette \u00e9poque f\u00e9odale, C\u00e9sarches avait pour seigneurs les sires de Cornillon install\u00e9s dans leur ch\u00e2teau. Situ\u00e9 sur une colline \u00e0 environ 1000 m d\u2019altitude, le ch\u00e2teau dominait l\u2019entr\u00e9e du Beaufortain et la vall\u00e9e vers Ugine. Le ch\u00e2teau \u00e9tait compos\u00e9 d\u2019un donjon au nord (tour carr\u00e9e de\u00a0 11 m de cot\u00e9), de d\u00e9pendances \u00e0 l\u2019ouest (tour ronde de 7 m de diam\u00e8tre), d\u2019une chapelle au sud, d\u2019une grange (tour rectangulaire de 6,70 m sur 9,60m), d\u2019un puits et d\u2019une place entour\u00e9e de hautes murailles pour la prot\u00e9ger. On y acc\u00e9dait par un chemin sinueux qui montait du Villaret sur le versant sud de la colline. Il f\u00fbt d\u00e9truit vers 1334 au cours des guerres entre la Savoie et le Dauphin\u00e9.\u00a0 Les Cornillons partirent s\u2019installer \u00e0 Marthod.<\/p>\n\n\n\n<p>A partir du 14i\u00e8me si\u00e8cle, il existait un conseil de la communaut\u00e9 charg\u00e9 de d\u00e9fendre les droits et les privil\u00e8ges des habitants se r\u00e9unissant le dimanche \u00e0 la sortie de la messe devant l\u2019\u00e9glise. Les C\u00e9sarchois vivaient de l\u2019agriculture et la D\u00eeme (environ 1\/10<sup>i\u00e8me<\/sup> des r\u00e9coltes) \u00e9tait r\u00e9colt\u00e9e au profit de la paroisse. En 1512, C\u00e9sarches n\u2019est plus une &nbsp;paroisse et d\u00e9pend de celle de Venthon.<\/p>\n\n\n\n<p>En 1561, on effectue le premier recensement de la population dans le cadre de la collecte de la gabelle (imp\u00f4t sur le sel)&nbsp;: on compte alors 216 habitants r\u00e9partis dans 39 feux (foyers) dont 104 enfants. Tous sont des agriculteurs qui s\u2019occupaient de 67 vaches, 4 b\u0153ufs, 21 g\u00e9nisses, 52 ch\u00e8vres, 158 moutons&#8230; En 1729 \u00e0 l\u2019occasion de la r\u00e9alisation du cadastre savoyard, on recensa 49 feux (foyers) sur un territoire form\u00e9 de 1261 parcelles.<\/p>\n\n\n\n<p>Durant ce 18i\u00e8me si\u00e8cle, les conflits avec Venthon se multiplient souvent li\u00e9s au pont sur le Doron qui reliait les 2 communes, endommag\u00e9&nbsp; par de terribles crues et seuls passage \u00e0 l\u2019\u00e9poque des c\u00e9sarchois pour se rendre \u00e0 Conflans. Ces conflits vont d\u00e9velopper la volont\u00e9 de cr\u00e9er une paroisse ind\u00e9pendante sur C\u00e9sarches qu\u2019elle obtient en 1789.<\/p>\n\n\n\n<p>La construction de la nouvelle route d\u2019Albertville \u00e0 Ugine en 1823 et ensuite la construction d\u2019un pont sur l\u2019Arly facilit\u00e8rent l\u2019acc\u00e8s \u00e0 Conflans et l\u2019H\u00f4pital (le nom d\u2019Albertville n\u2019existait pas encore). Ce f\u00fbt un changement important pour les c\u00e9sarchois qui purent se d\u00e9placer plus facilement.<\/p>\n\n\n\n<p>Jusqu\u2019au d\u00e9but du 19<sup>i\u00e8me<\/sup> si\u00e8cle, il existait une petite \u00e9cole, consistant \u00e0 apprendre \u00e0 lire, \u00e0 \u00e9crire et \u00e0 conna\u00eetre les principes de la doctrine chr\u00e9tienne qui fonctionnait du 15 novembre au 15 mars avec une trentaine d\u2019\u00e9l\u00e8ves. Un nouveau b\u00e2timent compos\u00e9 de 4 pi\u00e8ces (2 salles de classe, une salle d\u2019archives et une salle pour le conseil municipal) est construit dans le village de l\u2019\u00e9glise en 1843.<\/p>\n\n\n\n<p>En 1859, une terrible crue emporte les 2 ponts de la commune sur l\u2019Arly et le Doron. \u00a0Un pont provisoire sur l\u2019Arly se construit (reconstruit en 1869 et 1904) et sur le Doron en 1881.<\/p>\n\n\n\n<p>Lors du premier r\u00e9f\u00e9rendum en 1860, le rattachement de la Savoie \u00e0 la France a \u00e9t\u00e9 pl\u00e9biscit\u00e9 par la population de C\u00e9sarches qui a vot\u00e9 \u00e0 l\u2019unanimit\u00e9 \u00ab&nbsp;oui&nbsp;\u00bb (56 votants sur 56 inscrits).<\/p>\n\n\n\n<p>&nbsp;L\u2019\u00e9cole devient vite v\u00e9tuste et l\u2019inspection acad\u00e9mique pousse la commune \u00e0 trouver une autre solution. En 1878, elle fait l\u2019acquisition du vieux ch\u00e2teau et reconstruit un b\u00e2timent plus fonctionnel en gardant la cave et l\u2019escalier. La nouvelle \u00e9cole (\u00e9cole actuelle) est ouverte \u00e0 la rentr\u00e9e 1881. Elle sera remise \u00e0 neuf en 1953 avec la construction d\u2019un pr\u00e9au en 1964 et l\u2019installation d\u2019un chauffage central en 1971.&nbsp; Finie la corv\u00e9e du bois pour les petits \u00e9coliers.<\/p>\n\n\n\n<p>La commune, \u00e0 la fin du 18<sup>i\u00e8me<\/sup> si\u00e8cle, connait une forte hausse de sa population qui passe de 232 habitants en 1886 \u00e0 357 en 1896. Des ouvriers s\u2019installent sur la commune et travaillent \u00e0 l\u2019usine de p\u00e2te \u00e0 papier install\u00e9e sur la commune de Venthon juste apr\u00e8s le pont.<\/p>\n\n\n\n<p>Le 20<sup>i\u00e8me<\/sup> si\u00e8cle est marqu\u00e9 par l\u2019incendie du chef lieu en 1908, la grande guerre pendant laquelle 10 c\u00e9sarchois sont morts pour la France, et l\u2019arriv\u00e9e\u00a0de l\u2019\u00e9lectricit\u00e9 dans la commune en 1920.<\/p>\n\n\n\n<p>La commune continue \u00e0 s\u2019urbaniser accueillant de nouveaux habitants qui travaillent sur le bassin albertvillois et sur les sites industriels de Venthon, d\u2019Ugine et de Faverges. Si la vie rurale a \u00e9t\u00e9 intense jusqu\u2019aux ann\u00e9es 1960, aujourd\u2019hui, il ne reste que quelques agriculteurs pratiquant l\u2019\u00e9levage de bovins et de ch\u00e8vres principalement.<\/p>\n\n\n\n<ul class=\"wp-block-list\">\n<li><strong><em>Cartographie :<\/em><\/strong><\/li>\n<\/ul>\n\n\n\n<p>&#8211;&nbsp;<strong>Carte du Village :<\/strong><\/p>\n\n\n\n<figure class=\"wp-block-image size-large\"><img loading=\"lazy\" decoding=\"async\" width=\"583\" height=\"852\" src=\"https:\/\/cesarches.fr\/cesarches\/wp-content\/uploads\/2020\/10\/CarteIGN_cesarches.jpg\" alt=\"\" class=\"wp-image-539\" srcset=\"https:\/\/cesarches.fr\/cesarches\/wp-content\/uploads\/2020\/10\/CarteIGN_cesarches.jpg 583w, https:\/\/cesarches.fr\/cesarches\/wp-content\/uploads\/2020\/10\/CarteIGN_cesarches-205x300.jpg 205w\" sizes=\"auto, (max-width: 583px) 100vw, 583px\" \/><\/figure>\n\n\n\n<p>Sources : geoportail.gouv.fr<\/p>\n\n\n\n<figure class=\"wp-block-image size-large\"><a href=\"http:\/\/cesarches.fr\/images\/Cartes\/Plan_c%C3%A9sarches2.jpg\" target=\"_blank\" rel=\"noreferrer noopener\"><img loading=\"lazy\" decoding=\"async\" width=\"1024\" height=\"724\" src=\"https:\/\/cesarches.fr\/cesarches\/wp-content\/uploads\/2020\/10\/Plan_cesarches2-1024x724.jpg\" alt=\"\" class=\"wp-image-540\" srcset=\"https:\/\/cesarches.fr\/cesarches\/wp-content\/uploads\/2020\/10\/Plan_cesarches2-1024x724.jpg 1024w, https:\/\/cesarches.fr\/cesarches\/wp-content\/uploads\/2020\/10\/Plan_cesarches2-300x212.jpg 300w, https:\/\/cesarches.fr\/cesarches\/wp-content\/uploads\/2020\/10\/Plan_cesarches2-768x543.jpg 768w, https:\/\/cesarches.fr\/cesarches\/wp-content\/uploads\/2020\/10\/Plan_cesarches2-1536x1086.jpg 1536w, https:\/\/cesarches.fr\/cesarches\/wp-content\/uploads\/2020\/10\/Plan_cesarches2-2048x1448.jpg 2048w\" sizes=\"auto, (max-width: 1024px) 100vw, 1024px\" \/><\/a><\/figure>\n\n\n\n<p>Sources : Mairie de C\u00e9sarches<\/p>\n\n\n\n<p><strong>Carte ant\u00e9rieures :<\/strong><\/p>\n\n\n\n<p><strong>Cadastre de 1728 :<\/strong><\/p>\n\n\n\n<figure class=\"wp-block-image size-large\"><a href=\"https:\/\/cesarches.fr\/cesarches\/wp-content\/uploads\/2020\/10\/Cadastre-1728.png\"><img loading=\"lazy\" decoding=\"async\" width=\"846\" height=\"1024\" src=\"https:\/\/cesarches.fr\/cesarches\/wp-content\/uploads\/2020\/10\/Cadastre-1728-846x1024.png\" alt=\"\" class=\"wp-image-541\" srcset=\"https:\/\/cesarches.fr\/cesarches\/wp-content\/uploads\/2020\/10\/Cadastre-1728-846x1024.png 846w, https:\/\/cesarches.fr\/cesarches\/wp-content\/uploads\/2020\/10\/Cadastre-1728-248x300.png 248w, https:\/\/cesarches.fr\/cesarches\/wp-content\/uploads\/2020\/10\/Cadastre-1728-768x930.png 768w, https:\/\/cesarches.fr\/cesarches\/wp-content\/uploads\/2020\/10\/Cadastre-1728-1269x1536.png 1269w, https:\/\/cesarches.fr\/cesarches\/wp-content\/uploads\/2020\/10\/Cadastre-1728-1692x2048.png 1692w\" sizes=\"auto, (max-width: 846px) 100vw, 846px\" \/><\/a><\/figure>\n\n\n\n<p><a href=\"http:\/\/cesarches.fr\/images\/Cartes\/Cadastre%201728.pdf\" target=\"_blank\" rel=\"noreferrer noopener\"><\/a>Sources : Archives de la Savoie\/Conseil g\u00e9n\u00e9ral<\/p>\n\n\n\n<p><\/p>\n\n\n\n<p><strong>Cadastre de 1873<\/strong><strong>&nbsp;:<\/strong><\/p>\n\n\n\n<figure class=\"wp-block-image size-large\"><a href=\"https:\/\/cesarches.fr\/cesarches\/wp-content\/uploads\/2020\/10\/Cadastre-1873.png\"><img loading=\"lazy\" decoding=\"async\" width=\"709\" height=\"1024\" src=\"https:\/\/cesarches.fr\/cesarches\/wp-content\/uploads\/2020\/10\/Cadastre-1873-709x1024.png\" alt=\"\" class=\"wp-image-542\" srcset=\"https:\/\/cesarches.fr\/cesarches\/wp-content\/uploads\/2020\/10\/Cadastre-1873-709x1024.png 709w, https:\/\/cesarches.fr\/cesarches\/wp-content\/uploads\/2020\/10\/Cadastre-1873-208x300.png 208w, https:\/\/cesarches.fr\/cesarches\/wp-content\/uploads\/2020\/10\/Cadastre-1873-768x1109.png 768w, https:\/\/cesarches.fr\/cesarches\/wp-content\/uploads\/2020\/10\/Cadastre-1873-1064x1536.png 1064w, https:\/\/cesarches.fr\/cesarches\/wp-content\/uploads\/2020\/10\/Cadastre-1873-1418x2048.png 1418w, https:\/\/cesarches.fr\/cesarches\/wp-content\/uploads\/2020\/10\/Cadastre-1873.png 1908w\" sizes=\"auto, (max-width: 709px) 100vw, 709px\" \/><\/a><\/figure>\n\n\n\n<p><a href=\"http:\/\/cesarches.fr\/images\/Cartes\/Cadastre%201873.pdf\" target=\"_blank\" rel=\"noreferrer noopener\"><\/a><\/p>\n\n\n\n<p>Sources : Archives de la Savoie\/Conseil g\u00e9n\u00e9ral<\/p>\n\n\n\n<p><\/p>\n\n\n\n<p><strong><a href=\"http:\/\/www.archinoe.net\/cg73v2\/visualiseur\/visu_cadastre.php?idc=730112868&amp;PHPSID=7c6b13fa0168b6f87988eeb82ed6e8b6&amp;w=1680&amp;h=1050\" target=\"_blank\" rel=\"noreferrer noopener\">&nbsp;<\/a><\/strong><\/p>\n\n\n\n<p><strong>Cadastre r\u00e9nov\u00e9 (1934)<\/strong><strong>&nbsp;:<\/strong><\/p>\n\n\n\n<figure class=\"wp-block-image size-large\"><a href=\"http:\/\/cesarches.fr\/images\/Cartes\/Cadastre%201934.pdf\" target=\"_blank\" rel=\"noreferrer noopener\"><img loading=\"lazy\" decoding=\"async\" width=\"775\" height=\"1024\" src=\"https:\/\/cesarches.fr\/cesarches\/wp-content\/uploads\/2020\/10\/Cadastre-1934-775x1024.png\" alt=\"\" class=\"wp-image-544\" srcset=\"https:\/\/cesarches.fr\/cesarches\/wp-content\/uploads\/2020\/10\/Cadastre-1934-775x1024.png 775w, https:\/\/cesarches.fr\/cesarches\/wp-content\/uploads\/2020\/10\/Cadastre-1934-227x300.png 227w, https:\/\/cesarches.fr\/cesarches\/wp-content\/uploads\/2020\/10\/Cadastre-1934-768x1015.png 768w, https:\/\/cesarches.fr\/cesarches\/wp-content\/uploads\/2020\/10\/Cadastre-1934-1163x1536.png 1163w, https:\/\/cesarches.fr\/cesarches\/wp-content\/uploads\/2020\/10\/Cadastre-1934-1550x2048.png 1550w, https:\/\/cesarches.fr\/cesarches\/wp-content\/uploads\/2020\/10\/Cadastre-1934.png 1984w\" sizes=\"auto, (max-width: 775px) 100vw, 775px\" \/><\/a><\/figure>\n\n\n\n<p>Sources : Archives de la Savoie\/Conseil g\u00e9n\u00e9ral<\/p>\n\n\n\n<p><\/p>\n\n\n\n<p><strong><a href=\"http:\/\/www.archinoe.net\/cg73v2\/visualiseur\/visu_cadastre.php?idc=730112878&amp;PHPSID=7c6b13fa0168b6f87988eeb82ed6e8b6&amp;w=1680&amp;h=1050\" target=\"_blank\" rel=\"noreferrer noopener\">&nbsp;<\/a><\/strong><\/p>\n","protected":false},"excerpt":{"rendered":"<p>Un peu d\u2019histoire \u2026 On aurait pu penser que le nom de \u00ab&nbsp;C\u00e9sarches&nbsp;\u00bb ait un lien avec C\u00e9sar, l\u2019empereur romain de passage sur la commune pour aller combattre les irr\u00e9ductibles gaulois, mais il s\u2019agirait plut\u00f4t d\u2019un mot d\u2019origine latin \u00abcasarica&nbsp;\u00bb&nbsp; signifiant un groupe de chaumi\u00e8res (maisons).&nbsp; D\u2019ailleurs, le nom de la commune a chang\u00e9 plusieurs [&hellip;]<\/p>\n","protected":false},"author":1,"featured_media":0,"parent":0,"menu_order":0,"comment_status":"closed","ping_status":"closed","template":"","meta":{"footnotes":""},"class_list":["post-331","page","type-page","status-publish","hentry"],"_links":{"self":[{"href":"https:\/\/cesarches.fr\/cesarches\/wp-json\/wp\/v2\/pages\/331","targetHints":{"allow":["GET"]}}],"collection":[{"href":"https:\/\/cesarches.fr\/cesarches\/wp-json\/wp\/v2\/pages"}],"about":[{"href":"https:\/\/cesarches.fr\/cesarches\/wp-json\/wp\/v2\/types\/page"}],"author":[{"embeddable":true,"href":"https:\/\/cesarches.fr\/cesarches\/wp-json\/wp\/v2\/users\/1"}],"replies":[{"embeddable":true,"href":"https:\/\/cesarches.fr\/cesarches\/wp-json\/wp\/v2\/comments?post=331"}],"version-history":[{"count":8,"href":"https:\/\/cesarches.fr\/cesarches\/wp-json\/wp\/v2\/pages\/331\/revisions"}],"predecessor-version":[{"id":1572,"href":"https:\/\/cesarches.fr\/cesarches\/wp-json\/wp\/v2\/pages\/331\/revisions\/1572"}],"wp:attachment":[{"href":"https:\/\/cesarches.fr\/cesarches\/wp-json\/wp\/v2\/media?parent=331"}],"curies":[{"name":"wp","href":"https:\/\/api.w.org\/{rel}","templated":true}]}}