{"id":267,"date":"2020-07-09T17:05:51","date_gmt":"2020-07-09T15:05:51","guid":{"rendered":"http:\/\/cesarches.fr\/cesarches\/test4\/"},"modified":"2024-02-12T16:02:06","modified_gmt":"2024-02-12T15:02:06","slug":"test4","status":"publish","type":"page","link":"https:\/\/cesarches.fr\/cesarches\/test4\/","title":{"rendered":"Vie scolaire"},"content":{"rendered":"<div data-colibri-id=\"267-c1\" class=\"style-395 style-local-267-c1 position-relative\">\n  <!---->\n  <div data-colibri-component=\"section\" data-colibri-id=\"267-c2\" id=\"custom\" class=\"h-section h-section-global-spacing d-flex align-items-lg-center align-items-md-center align-items-center style-396 style-local-267-c2 position-relative\">\n    <!---->\n    <!---->\n    <div class=\"h-section-grid-container h-section-boxed-container\">\n      <!---->\n      <div data-colibri-id=\"267-c3\" class=\"h-row-container gutters-row-lg-2 gutters-row-md-2 gutters-row-0 gutters-row-v-lg-2 gutters-row-v-md-2 gutters-row-v-2 style-397 style-local-267-c3 position-relative\">\n        <!---->\n        <div class=\"h-row justify-content-lg-center justify-content-md-center justify-content-center align-items-lg-stretch align-items-md-stretch align-items-stretch gutters-col-lg-2 gutters-col-md-2 gutters-col-0 gutters-col-v-lg-2 gutters-col-v-md-2 gutters-col-v-2\">\n          <!---->\n          <div class=\"h-column h-column-container d-flex h-col-lg-auto h-col-md-auto h-col-auto style-398-outer style-local-267-c4-outer\">\n            <div data-colibri-id=\"267-c4\" class=\"d-flex h-flex-basis h-column__inner h-px-lg-2 h-px-md-2 h-px-2 v-inner-lg-2 v-inner-md-2 v-inner-2 style-398 style-local-267-c4 position-relative\">\n              <!---->\n              <!---->\n              <div class=\"w-100 h-y-container h-column__content h-column__v-align flex-basis-100 align-self-lg-start align-self-md-start align-self-start\">\n                <!---->\n                <div data-colibri-id=\"267-c5\" class=\"h-text h-text-component style-399 style-local-267-c5 position-relative h-element\">\n                  <!---->\n                  <!---->\n                  <div class=\"\">\n                    <p><span style=\"color: rgb(64, 85, 169); font-family: Open Sans; font-size: inherit; font-weight: 400;\">L\u2019\u00e9cole primaire de C\u00e9sarches accueille les enfants de la petite section au CM2, r\u00e9partis sur deux classes :<\/span><\/p>\n                    <p>&nbsp;&#8211; la classe de St\u00e9phanie CATTELIN TELLIER (PS au GS)<\/p>\n                    <p><span style=\"font-size: inherit;\">&nbsp;&#8211; la classe de Sandra FONTI (CP \u00e0 CM2)<\/span><\/p>\n                    <p><span style=\"font-size: inherit;\">\ufeff<\/span><\/p>\n                    <p><span style=\"color: rgb(64, 85, 169); font-family: Open Sans; font-weight: 400; font-size: inherit;\">Un service de garderie et de cantine est mis en place par la commune pour les temps p\u00e9riscolaire : le matin \u00e0 partir de 7h30 et jusqu\u2019\u00e0 18h.<\/span><\/p>\n                  <\/div>\n                <\/div>\n              <\/div>\n            <\/div>\n          <\/div>\n        <\/div>\n      <\/div>\n    <\/div>\n  <\/div>\n  <div data-colibri-component=\"section\" data-colibri-id=\"267-c6\" id=\"custom-2\" class=\"h-section h-section-global-spacing d-flex align-items-lg-center align-items-md-center align-items-center style-466 style-local-267-c6 position-relative\">\n    <!---->\n    <!---->\n    <div class=\"h-section-grid-container h-section-boxed-container\">\n      <!---->\n      <div data-colibri-id=\"267-c7\" class=\"h-row-container gutters-row-lg-2 gutters-row-md-2 gutters-row-0 gutters-row-v-lg-2 gutters-row-v-md-2 gutters-row-v-2 style-469 style-local-267-c7 position-relative\">\n        <!---->\n        <div class=\"h-row justify-content-lg-center justify-content-md-center justify-content-center align-items-lg-stretch align-items-md-stretch align-items-stretch gutters-col-lg-2 gutters-col-md-2 gutters-col-0 gutters-col-v-lg-2 gutters-col-v-md-2 gutters-col-v-2\">\n          <!---->\n          <div class=\"h-column h-column-container d-flex h-col-lg-auto h-col-md-auto h-col-auto style-470-outer style-local-267-c8-outer\">\n            <div data-colibri-id=\"267-c8\" class=\"d-flex h-flex-basis h-column__inner h-px-lg-2 h-px-md-2 h-px-2 v-inner-lg-2 v-inner-md-2 v-inner-2 style-470 style-local-267-c8 position-relative\">\n              <!---->\n              <!---->\n              <div class=\"w-100 h-y-container h-column__content h-column__v-align flex-basis-100 align-self-lg-start align-self-md-start align-self-start\">\n                <!---->\n                <div data-colibri-id=\"267-c9\" class=\"d-block style-471 style-local-267-c9 position-relative h-element\">\n                  <!---->\n                  <div class=\"h-image__frame-container-outer\">\n                    <div class=\"h-image__frame-container\">\n                      <!---->\n                      <!---->\n                      <img loading=\"lazy\" decoding=\"async\" width=\"2560\" height=\"1920\" src=\"https:\/\/cesarches.fr\/cesarches\/wp-content\/uploads\/2021\/09\/IMG_20201010_180614-scaled.jpg\" class=\"wp-image-904 style-471-image style-local-267-c9-image\" alt=\"\" srcset=\"https:\/\/cesarches.fr\/cesarches\/wp-content\/uploads\/2021\/09\/IMG_20201010_180614-scaled.jpg 2560w, https:\/\/cesarches.fr\/cesarches\/wp-content\/uploads\/2021\/09\/IMG_20201010_180614-300x225.jpg 300w, https:\/\/cesarches.fr\/cesarches\/wp-content\/uploads\/2021\/09\/IMG_20201010_180614-1024x768.jpg 1024w, https:\/\/cesarches.fr\/cesarches\/wp-content\/uploads\/2021\/09\/IMG_20201010_180614-768x576.jpg 768w, https:\/\/cesarches.fr\/cesarches\/wp-content\/uploads\/2021\/09\/IMG_20201010_180614-1536x1152.jpg 1536w, https:\/\/cesarches.fr\/cesarches\/wp-content\/uploads\/2021\/09\/IMG_20201010_180614-2048x1536.jpg 2048w\" sizes=\"auto, (max-width: 2560px) 100vw, 2560px\" \/>\n                      <div class=\"h-image__frame h-hide-lg h-hide-md h-hide-sm style-471-frameImage style-local-267-c9-frameImage\"><\/div>\n                    <\/div>\n                  <\/div>\n                <\/div>\n              <\/div>\n            <\/div>\n          <\/div>\n        <\/div>\n      <\/div>\n      <div data-colibri-id=\"267-c10\" class=\"h-row-container gutters-row-lg-2 gutters-row-md-2 gutters-row-0 gutters-row-v-lg-2 gutters-row-v-md-2 gutters-row-v-2 style-467 style-local-267-c10 position-relative\">\n        <!---->\n        <div class=\"h-row justify-content-lg-center justify-content-md-center justify-content-center align-items-lg-stretch align-items-md-stretch align-items-stretch gutters-col-lg-2 gutters-col-md-2 gutters-col-0 gutters-col-v-lg-2 gutters-col-v-md-2 gutters-col-v-2\">\n          <!---->\n          <div class=\"h-column h-column-container d-flex h-col-lg-auto h-col-md-auto h-col-auto style-468-outer style-local-267-c11-outer\">\n            <div data-colibri-id=\"267-c11\" class=\"d-flex h-flex-basis h-column__inner h-ui-empty-state-container h-px-lg-2 h-px-md-2 h-px-2 v-inner-lg-2 v-inner-md-2 v-inner-2 style-468 style-local-267-c11 position-relative\">\n              <!---->\n              <!---->\n              <div class=\"w-100 h-y-container h-column__content h-column__v-align flex-basis-100\">\n                <!---->\n              <\/div>\n            <\/div>\n          <\/div>\n        <\/div>\n      <\/div>\n    <\/div>\n  <\/div>\n<\/div>","protected":false},"excerpt":{"rendered":"<p>L\u2019\u00e9cole primaire de C\u00e9sarches accueille les enfants de la petite section au CM2, r\u00e9partis sur deux classes : &nbsp;&#8211; la classe de St\u00e9phanie CATTELIN TELLIER (PS au GS) &nbsp;&#8211; la classe de Sandra FONTI (CP \u00e0 CM2) \ufeff Un service de garderie et de cantine est mis en place par la commune pour les temps [&hellip;]<\/p>\n","protected":false},"author":1,"featured_media":0,"parent":0,"menu_order":0,"comment_status":"closed","ping_status":"closed","template":"page-templates\/full-width-page.php","meta":{"footnotes":""},"class_list":["post-267","page","type-page","status-publish","hentry"],"_links":{"self":[{"href":"https:\/\/cesarches.fr\/cesarches\/wp-json\/wp\/v2\/pages\/267","targetHints":{"allow":["GET"]}}],"collection":[{"href":"https:\/\/cesarches.fr\/cesarches\/wp-json\/wp\/v2\/pages"}],"about":[{"href":"https:\/\/cesarches.fr\/cesarches\/wp-json\/wp\/v2\/types\/page"}],"author":[{"embeddable":true,"href":"https:\/\/cesarches.fr\/cesarches\/wp-json\/wp\/v2\/users\/1"}],"replies":[{"embeddable":true,"href":"https:\/\/cesarches.fr\/cesarches\/wp-json\/wp\/v2\/comments?post=267"}],"version-history":[{"count":13,"href":"https:\/\/cesarches.fr\/cesarches\/wp-json\/wp\/v2\/pages\/267\/revisions"}],"predecessor-version":[{"id":1343,"href":"https:\/\/cesarches.fr\/cesarches\/wp-json\/wp\/v2\/pages\/267\/revisions\/1343"}],"wp:attachment":[{"href":"https:\/\/cesarches.fr\/cesarches\/wp-json\/wp\/v2\/media?parent=267"}],"curies":[{"name":"wp","href":"https:\/\/api.w.org\/{rel}","templated":true}]}}